{"id":293,"date":"2024-04-30T14:56:26","date_gmt":"2024-04-30T14:56:26","guid":{"rendered":"https:\/\/hostingecuador.in\/worlding\/?page_id=293"},"modified":"2024-04-30T15:03:49","modified_gmt":"2024-04-30T15:03:49","slug":"montaje-tuberia","status":"publish","type":"page","link":"https:\/\/hostingecuador.in\/worlding\/montaje-tuberia\/","title":{"rendered":"montaje-tuberia"},"content":{"rendered":"\t\t<div data-elementor-type=\"wp-page\" data-elementor-id=\"293\" class=\"elementor elementor-293\" data-elementor-post-type=\"page\">\n\t\t\t\t\t\t<section class=\"elementor-section elementor-top-section elementor-element elementor-element-38cd2470 elementor-section-boxed elementor-section-height-default elementor-section-height-default\" data-id=\"38cd2470\" data-element_type=\"section\" data-settings=\"{&quot;background_background&quot;:&quot;classic&quot;}\">\n\t\t\t\t\t\t\t<div class=\"elementor-background-overlay\"><\/div>\n\t\t\t\t\t\t\t<div class=\"elementor-container elementor-column-gap-default\">\n\t\t\t\t\t<div class=\"elementor-column elementor-col-100 elementor-top-column elementor-element elementor-element-4e7b7b09\" data-id=\"4e7b7b09\" data-element_type=\"column\">\n\t\t\t<div class=\"elementor-widget-wrap elementor-element-populated\">\n\t\t\t\t\t\t<div class=\"elementor-element elementor-element-3fbefa7e elementor-widget elementor-widget-heading\" data-id=\"3fbefa7e\" data-element_type=\"widget\" data-widget_type=\"heading.default\">\n\t\t\t\t<div class=\"elementor-widget-container\">\n\t\t\t<style>\/*! elementor - v3.21.0 - 25-04-2024 *\/\n.elementor-heading-title{padding:0;margin:0;line-height:1}.elementor-widget-heading .elementor-heading-title[class*=elementor-size-]>a{color:inherit;font-size:inherit;line-height:inherit}.elementor-widget-heading .elementor-heading-title.elementor-size-small{font-size:15px}.elementor-widget-heading .elementor-heading-title.elementor-size-medium{font-size:19px}.elementor-widget-heading .elementor-heading-title.elementor-size-large{font-size:29px}.elementor-widget-heading .elementor-heading-title.elementor-size-xl{font-size:39px}.elementor-widget-heading .elementor-heading-title.elementor-size-xxl{font-size:59px}<\/style><h1 class=\"elementor-heading-title elementor-size-default\">Montaje de Tuber\u00eda<\/h1>\t\t<\/div>\n\t\t\t\t<\/div>\n\t\t\t\t<div class=\"elementor-element elementor-element-624193f7 elementor-widget elementor-widget-text-editor\" data-id=\"624193f7\" data-element_type=\"widget\" data-widget_type=\"text-editor.default\">\n\t\t\t\t<div class=\"elementor-widget-container\">\n\t\t\t<style>\/*! elementor - v3.21.0 - 25-04-2024 *\/\n.elementor-widget-text-editor.elementor-drop-cap-view-stacked .elementor-drop-cap{background-color:#69727d;color:#fff}.elementor-widget-text-editor.elementor-drop-cap-view-framed .elementor-drop-cap{color:#69727d;border:3px solid;background-color:transparent}.elementor-widget-text-editor:not(.elementor-drop-cap-view-default) .elementor-drop-cap{margin-top:8px}.elementor-widget-text-editor:not(.elementor-drop-cap-view-default) .elementor-drop-cap-letter{width:1em;height:1em}.elementor-widget-text-editor .elementor-drop-cap{float:left;text-align:center;line-height:1;font-size:50px}.elementor-widget-text-editor .elementor-drop-cap-letter{display:inline-block}<\/style>\t\t\t\t<p><br \/>Trabajos de montaje de tuber\u00eda para las empresas Petroamazonas, Repsol, Enap Sipec.<br \/>Adem\u00e1s de trabajar para proyectos h\u00eddricos de varios Gobiernos seccionales del Pa\u00eds. Cruce R\u00edo Napo,1756 mi. Con tuber\u00eda de 30&#8243; 20&#8243; 6&#8243;<\/p>\t\t\t\t\t\t<\/div>\n\t\t\t\t<\/div>\n\t\t\t\t<div class=\"elementor-element elementor-element-1d248e43 elementor-pagination-position-inside elementor-arrows-position-inside elementor-widget elementor-widget-image-carousel\" data-id=\"1d248e43\" data-element_type=\"widget\" data-settings=\"{&quot;slides_to_show&quot;:&quot;3&quot;,&quot;slides_to_scroll&quot;:&quot;1&quot;,&quot;navigation&quot;:&quot;both&quot;,&quot;autoplay&quot;:&quot;yes&quot;,&quot;pause_on_hover&quot;:&quot;yes&quot;,&quot;pause_on_interaction&quot;:&quot;yes&quot;,&quot;autoplay_speed&quot;:5000,&quot;infinite&quot;:&quot;yes&quot;,&quot;speed&quot;:500,&quot;image_spacing_custom&quot;:{&quot;unit&quot;:&quot;px&quot;,&quot;size&quot;:20,&quot;sizes&quot;:[]},&quot;image_spacing_custom_tablet&quot;:{&quot;unit&quot;:&quot;px&quot;,&quot;size&quot;:&quot;&quot;,&quot;sizes&quot;:[]},&quot;image_spacing_custom_mobile&quot;:{&quot;unit&quot;:&quot;px&quot;,&quot;size&quot;:&quot;&quot;,&quot;sizes&quot;:[]}}\" data-widget_type=\"image-carousel.default\">\n\t\t\t\t<div class=\"elementor-widget-container\">\n\t\t\t<style>\/*! elementor - v3.21.0 - 25-04-2024 *\/\n.elementor-widget-image-carousel .swiper,.elementor-widget-image-carousel .swiper-container{position:static}.elementor-widget-image-carousel .swiper-container .swiper-slide figure,.elementor-widget-image-carousel .swiper .swiper-slide figure{line-height:inherit}.elementor-widget-image-carousel .swiper-slide{text-align:center}.elementor-image-carousel-wrapper:not(.swiper-container-initialized):not(.swiper-initialized) .swiper-slide{max-width:calc(100% \/ var(--e-image-carousel-slides-to-show, 3))}<\/style>\t\t<div class=\"elementor-image-carousel-wrapper swiper\" dir=\"ltr\">\n\t\t\t<div class=\"elementor-image-carousel swiper-wrapper swiper-image-stretch\" aria-live=\"off\">\n\t\t\t\t\t\t\t\t<div class=\"swiper-slide\" role=\"group\" aria-roledescription=\"slide\" aria-label=\"1 de 5\"><figure class=\"swiper-slide-inner\"><img decoding=\"async\" class=\"swiper-slide-image\" src=\"https:\/\/hostingecuador.in\/worlding\/wp-content\/uploads\/elementor\/thumbs\/suelda-tuberia-qnh6pe7g6vmnmn6087rjcbkl33tdsov6h5oy25kt4g.jpg\" alt=\"suelda-tuberia\" \/><\/figure><\/div><div class=\"swiper-slide\" role=\"group\" aria-roledescription=\"slide\" aria-label=\"2 de 5\"><figure class=\"swiper-slide-inner\"><img decoding=\"async\" class=\"swiper-slide-image\" src=\"https:\/\/hostingecuador.in\/worlding\/wp-content\/uploads\/elementor\/thumbs\/tuberia-qnh6pg34kjp89v39x8kshb3i9vk4832n5ezx0pi0s0.jpg\" alt=\"tuberia\" \/><\/figure><\/div><div class=\"swiper-slide\" role=\"group\" aria-roledescription=\"slide\" aria-label=\"3 de 5\"><figure class=\"swiper-slide-inner\"><img decoding=\"async\" class=\"swiper-slide-image\" src=\"https:\/\/hostingecuador.in\/worlding\/wp-content\/uploads\/elementor\/thumbs\/tuberia2-1-qnh6ph0yrdqilh1wrqzf1suyv9fhfs6dhjnehzgmls.jpg\" alt=\"tuberia2 (1)\" \/><\/figure><\/div><div class=\"swiper-slide\" role=\"group\" aria-roledescription=\"slide\" aria-label=\"4 de 5\"><figure class=\"swiper-slide-inner\"><img decoding=\"async\" class=\"swiper-slide-image\" src=\"https:\/\/hostingecuador.in\/worlding\/wp-content\/uploads\/elementor\/thumbs\/tuberia2-qnh6physy7rsx30jm9e1mamfgnaunha3toavz9f8fk.jpg\" alt=\"tuberia2\" \/><\/figure><\/div><div class=\"swiper-slide\" role=\"group\" aria-roledescription=\"slide\" aria-label=\"5 de 5\"><figure class=\"swiper-slide-inner\"><img decoding=\"async\" class=\"swiper-slide-image\" src=\"https:\/\/hostingecuador.in\/worlding\/wp-content\/uploads\/elementor\/thumbs\/tuberia3-800x480-1-qnh6pjuhbvudkaxtba7ara5cnf1l2vhkhxluxtcg34.jpg\" alt=\"tuberia3-800x480\" \/><\/figure><\/div>\t\t\t<\/div>\n\t\t\t\t\t\t\t\t\t\t\t\t<div class=\"elementor-swiper-button elementor-swiper-button-prev\" role=\"button\" tabindex=\"0\">\n\t\t\t\t\t\t<svg aria-hidden=\"true\" class=\"e-font-icon-svg e-fas-caret-square-left\" viewBox=\"0 0 448 512\" xmlns=\"http:\/\/www.w3.org\/2000\/svg\"><path d=\"M400 480H48c-26.51 0-48-21.49-48-48V80c0-26.51 21.49-48 48-48h352c26.51 0 48 21.49 48 48v352c0 26.51-21.49 48-48 48zM259.515 124.485l-123.03 123.03c-4.686 4.686-4.686 12.284 0 16.971l123.029 123.029c7.56 7.56 20.485 2.206 20.485-8.485V132.971c.001-10.691-12.925-16.045-20.484-8.486z\"><\/path><\/svg>\t\t\t\t\t<\/div>\n\t\t\t\t\t<div class=\"elementor-swiper-button elementor-swiper-button-next\" role=\"button\" tabindex=\"0\">\n\t\t\t\t\t\t<svg aria-hidden=\"true\" class=\"e-font-icon-svg e-fas-caret-square-right\" viewBox=\"0 0 448 512\" xmlns=\"http:\/\/www.w3.org\/2000\/svg\"><path d=\"M48 32h352c26.51 0 48 21.49 48 48v352c0 26.51-21.49 48-48 48H48c-26.51 0-48-21.49-48-48V80c0-26.51 21.49-48 48-48zm140.485 355.515l123.029-123.029c4.686-4.686 4.686-12.284 0-16.971l-123.029-123.03c-7.56-7.56-20.485-2.206-20.485 8.485v246.059c0 10.691 12.926 16.045 20.485 8.486z\"><\/path><\/svg>\t\t\t\t\t<\/div>\n\t\t\t\t\n\t\t\t\t\t\t\t\t\t<div class=\"swiper-pagination\"><\/div>\n\t\t\t\t\t\t\t\t\t<\/div>\n\t\t\t\t<\/div>\n\t\t\t\t<\/div>\n\t\t\t\t<div class=\"elementor-element elementor-element-b1a5628 elementor-widget elementor-widget-text-editor\" data-id=\"b1a5628\" data-element_type=\"widget\" data-widget_type=\"text-editor.default\">\n\t\t\t\t<div class=\"elementor-widget-container\">\n\t\t\t\t\t\t\t<p><span style=\"background-color: transparent; color: var(--contrast);\">TUBERIA| <\/span><span style=\"background-color: transparent; color: var(--contrast);\">SUELDA|\u00a0<\/span><span style=\"background-color: transparent; color: var(--contrast);\">CUALQUIER DIAMETRO| TRAZO |<\/span><span style=\"background-color: transparent; color: var(--contrast);\">DISE\u00d1O<\/span><\/p>\t\t\t\t\t\t<\/div>\n\t\t\t\t<\/div>\n\t\t\t\t\t<\/div>\n\t\t<\/div>\n\t\t\t\t\t<\/div>\n\t\t<\/section>\n\t\t\t\t<\/div>\n\t\t","protected":false},"excerpt":{"rendered":"<p>Montaje de Tuber\u00eda Trabajos de montaje de tuber\u00eda para las empresas Petroamazonas, Repsol, Enap Sipec.Adem\u00e1s de trabajar para proyectos h\u00eddricos de varios Gobiernos seccionales del Pa\u00eds. Cruce R\u00edo Napo,1756 mi. Con tuber\u00eda de 30&#8243; 20&#8243; 6&#8243; TUBERIA| SUELDA|\u00a0CUALQUIER DIAMETRO| TRAZO |DISE\u00d1O<\/p>\n","protected":false},"author":1,"featured_media":0,"parent":0,"menu_order":0,"comment_status":"closed","ping_status":"closed","template":"elementor_canvas","meta":{"footnotes":""},"class_list":["post-293","page","type-page","status-publish"],"_links":{"self":[{"href":"https:\/\/hostingecuador.in\/worlding\/wp-json\/wp\/v2\/pages\/293","targetHints":{"allow":["GET"]}}],"collection":[{"href":"https:\/\/hostingecuador.in\/worlding\/wp-json\/wp\/v2\/pages"}],"about":[{"href":"https:\/\/hostingecuador.in\/worlding\/wp-json\/wp\/v2\/types\/page"}],"author":[{"embeddable":true,"href":"https:\/\/hostingecuador.in\/worlding\/wp-json\/wp\/v2\/users\/1"}],"replies":[{"embeddable":true,"href":"https:\/\/hostingecuador.in\/worlding\/wp-json\/wp\/v2\/comments?post=293"}],"version-history":[{"count":8,"href":"https:\/\/hostingecuador.in\/worlding\/wp-json\/wp\/v2\/pages\/293\/revisions"}],"predecessor-version":[{"id":378,"href":"https:\/\/hostingecuador.in\/worlding\/wp-json\/wp\/v2\/pages\/293\/revisions\/378"}],"wp:attachment":[{"href":"https:\/\/hostingecuador.in\/worlding\/wp-json\/wp\/v2\/media?parent=293"}],"curies":[{"name":"wp","href":"https:\/\/api.w.org\/{rel}","templated":true}]}}